{"id":4714,"date":"2024-06-06T22:05:27","date_gmt":"2024-06-06T13:05:27","guid":{"rendered":"https:\/\/www.ibs.re.kr\/ecopro\/?page_id=4714"},"modified":"2025-05-16T09:34:02","modified_gmt":"2025-05-16T00:34:02","slug":"summer-2024","status":"publish","type":"page","link":"https:\/\/www.ibs.re.kr\/ecopro\/summer-2024\/","title":{"rendered":"Summer 2024"},"content":{"rendered":"\n<ul class=\"wp-block-list\">\n<li>Time: 9:00-10:30am (Beijing), 10:00-11:30am(Seoul)<\/li>\n\n\n\n<li><strong>Jul 29 &#8211; Aug 2<\/strong>, Algebraic methods in combinatorics<br><em><span style=\"color: #8e1e1e;\" class=\"stk-highlight\">IBS ECOPRO <strong>B332<\/strong> (Main building 3rd floor).<\/span><\/em><\/li>\n\n\n\n<li><strong>Aug 5 &#8211; 9<\/strong>, Recent work on the Erd\u0151s-Hajnal conjecture<br><em><span style=\"color: #8e1e1e;\" class=\"stk-highlight\"><em><span style=\"color: #8e1e1e;\" class=\"stk-highlight\">IBS ECOPRO <strong>B332<\/strong> (Main building 3rd floor).<\/span><\/em><\/span><\/em><\/li>\n<\/ul>\n\n\n\n<ul class=\"wp-block-list\">\n<li><strong><span style=\"color: #0693e3;\" class=\"stk-highlight\">Zoom: 346 934 4087, PW: 202407<\/span><\/strong><\/li>\n<\/ul>\n\n\n\n<hr class=\"wp-block-separator has-alpha-channel-opacity\"\/>\n\n\n\n<h2 class=\"wp-block-heading\">Algebraic methods in combinatorics<\/h2>\n\n\n\n<h5 class=\"wp-block-heading\">Boris Bukh, Carnegie Mellon University, US<\/h5>\n\n\n<div style=\"gap: 20px;\" class=\"align-button-center ub-buttons orientation-button-row ub-flex-wrap wp-block-ub-button\" id=\"ub-button-fd95d534-3fac-4a57-bb41-66f79fb9576d\"><div class=\"ub-button-container\">\n\t\t\t<a href=\"https:\/\/www.overleaf.com\/read\/zxcgcwdmkcqv#65d8d1\" target=\"_blank\" rel=\"noopener noreferrer nofollow\" class=\"ub-button-block-main   ub-button-flex\" role=\"button\" style=\"--ub-button-background-color: transparent; --ub-button-color: #cf2e2e; --ub-button-border: 3px solid #cf2e2e; --ub-button-hover-color: #313131; --ub-button-hover-border: 3px solid #313131; padding-top: 10px; padding-right: 10px; padding-bottom: 10px; padding-left: 10px; border-top-left-radius: 100px;; border-top-right-radius: 100px;; border-bottom-left-radius: 100px;; border-bottom-right-radius: 100px;; \">\n\t\t\t\t<div class=\"ub-button-content-holder\" style=\"flex-direction: row\">\n\t\t\t\t\t<span class=\"ub-button-block-btn\"><strong>Note<\/strong><\/span>\n\t\t\t\t<\/div>\n\t\t\t<\/a>\n\t\t<\/div><div class=\"ub-button-container\">\n\t\t\t<a href=\"https:\/\/www.bilibili.com\/video\/BV1T4421S77J\/\" target=\"_blank\" rel=\"noopener noreferrer nofollow\" class=\"ub-button-block-main   ub-button-flex\" role=\"button\" style=\"--ub-button-background-color: transparent; --ub-button-color: #0693e3; --ub-button-border: 3px solid #0693e3; --ub-button-hover-color: #313131; --ub-button-hover-border: 3px solid #313131; padding-top: 10px; padding-right: 10px; padding-bottom: 10px; padding-left: 10px; border-top-left-radius: 20%;; border-top-right-radius: 20%;; border-bottom-left-radius: 20%;; border-bottom-right-radius: 20%;; \">\n\t\t\t\t<div class=\"ub-button-content-holder\" style=\"flex-direction: row\">\n\t\t\t\t\t<span class=\"ub-button-block-btn\"><strong>Videos<\/strong><\/span>\n\t\t\t\t<\/div>\n\t\t\t<\/a>\n\t\t<\/div><\/div>\n\n\n<ul class=\"wp-block-list\">\n<li>7\/29 Lecture 1: Joints problem and introduction to the finite field Kakeya problem<\/li>\n\n\n\n<li>7\/30 Lecture 2: High-multiplicity extrapolation arguments<\/li>\n\n\n\n<li>8\/1 Lecture 3: Algebraic extremal constructions I<\/li>\n\n\n\n<li>8\/2 Lecture 4: Algebraic extremal constructions II<\/li>\n\n\n\n<li>8\/3 Lecture 5: Slice rank<\/li>\n<\/ul>\n\n\n\n<hr class=\"wp-block-separator has-alpha-channel-opacity\"\/>\n\n\n\n<h2 class=\"wp-block-heading\">Recent work on the Erd\u0151s-Hajnal conjecture<\/h2>\n\n\n\n<h5 class=\"wp-block-heading\">Tung Nguyen, Princeton University, US<\/h5>\n\n\n<div style=\"gap: 20px;\" class=\"align-button-center ub-buttons orientation-button-row ub-flex-wrap wp-block-ub-button\" id=\"ub-button-0ca07031-eb20-46b1-80ef-07d2f8f890e7\"><div class=\"ub-button-container\">\n\t\t\t<a href=\"https:\/\/web.math.princeton.edu\/~tunghn\/ehnotes.pdf\" target=\"_blank\" rel=\"noopener noreferrer nofollow\" class=\"ub-button-block-main   ub-button-flex\" role=\"button\" style=\"--ub-button-background-color: transparent; --ub-button-color: #cf2e2e; --ub-button-border: 3px solid #cf2e2e; --ub-button-hover-color: #313131; --ub-button-hover-border: 3px solid #313131; padding-top: 10px; padding-right: 10px; padding-bottom: 10px; padding-left: 10px; border-top-left-radius: 100px;; border-top-right-radius: 100px;; border-bottom-left-radius: 100px;; border-bottom-right-radius: 100px;; \">\n\t\t\t\t<div class=\"ub-button-content-holder\" style=\"flex-direction: row\">\n\t\t\t\t\t<span class=\"ub-button-block-btn\"><strong>Note<\/strong><\/span>\n\t\t\t\t<\/div>\n\t\t\t<\/a>\n\t\t<\/div><div class=\"ub-button-container\">\n\t\t\t<a href=\"https:\/\/b23.tv\/qso5u72\" target=\"_blank\" rel=\"noopener noreferrer nofollow\" class=\"ub-button-block-main   ub-button-flex\" role=\"button\" style=\"--ub-button-background-color: transparent; --ub-button-color: #0693e3; --ub-button-border: 3px solid #0693e3; --ub-button-hover-color: #313131; --ub-button-hover-border: 3px solid #313131; padding-top: 10px; padding-right: 10px; padding-bottom: 10px; padding-left: 10px; border-top-left-radius: 20%;; border-top-right-radius: 20%;; border-bottom-left-radius: 20%;; border-bottom-right-radius: 20%;; \">\n\t\t\t\t<div class=\"ub-button-content-holder\" style=\"flex-direction: row\">\n\t\t\t\t\t<span class=\"ub-button-block-btn\"><strong>Videos<\/strong><\/span>\n\t\t\t\t<\/div>\n\t\t\t<\/a>\n\t\t<\/div><\/div>\n\n\n<ul class=\"wp-block-list\">\n<li>8\/5 Lecture 1: Erd\u0151s-Hajnal property, Alon-Pach-Solymosi thm, R\u00f6dl&#8217;s thm and Nikiforov&#8217;s thm, the polynomial R\u00f6dl property and the viral property<\/li>\n\n\n\n<li>8\/6 Lecture 2: Equivalence of the Erd\u0151s-Hajnal, polynomial R\u00f6dl, and viral properties. The Erd\u0151s-Hajnal general bound and the Fox-Sudakov thm with their common generalization<\/li>\n\n\n\n<li>8\/7 Lecture 3: A loglog improvement over the general bound of Erd\u0151s-Hajnal<\/li>\n\n\n\n<li>8\/8 Lecture 4: Basic facts about graphs of bounded VC-dimension<\/li>\n\n\n\n<li>8\/9 Lecture 5: Ultra-strong regularity lemma, iterative sparsification, and the Erd\u0151s-Hajnal conjecture for graphs of bounded VC-dimension<\/li>\n<\/ul>\n\n\n\n<hr class=\"wp-block-separator has-alpha-channel-opacity\"\/>\n\n\n\n<div class=\"wp-block-stackable-image stk-block-image stk-block stk-da6f94e\" data-block-id=\"da6f94e\"><figure><span class=\"stk-img-wrapper stk-image--shape-stretch\"><img loading=\"lazy\" decoding=\"async\" class=\"stk-img wp-image-4730\" src=\"https:\/\/www.ibs.re.kr\/ecopro\/wp-content\/uploads\/2024\/06\/ECOPRO-Summer2024-scaled.jpg\" width=\"1810\" height=\"2560\" srcset=\"https:\/\/www.ibs.re.kr\/ecopro\/wp-content\/uploads\/2024\/06\/ECOPRO-Summer2024-scaled.jpg 1810w, https:\/\/www.ibs.re.kr\/ecopro\/wp-content\/uploads\/2024\/06\/ECOPRO-Summer2024-212x300.jpg 212w, https:\/\/www.ibs.re.kr\/ecopro\/wp-content\/uploads\/2024\/06\/ECOPRO-Summer2024-724x1024.jpg 724w, https:\/\/www.ibs.re.kr\/ecopro\/wp-content\/uploads\/2024\/06\/ECOPRO-Summer2024-768x1086.jpg 768w, https:\/\/www.ibs.re.kr\/ecopro\/wp-content\/uploads\/2024\/06\/ECOPRO-Summer2024-1086x1536.jpg 1086w, https:\/\/www.ibs.re.kr\/ecopro\/wp-content\/uploads\/2024\/06\/ECOPRO-Summer2024-1448x2048.jpg 1448w, https:\/\/www.ibs.re.kr\/ecopro\/wp-content\/uploads\/2024\/06\/ECOPRO-Summer2024-283x400.jpg 283w\" sizes=\"auto, (max-width: 767px) 89vw, (max-width: 1000px) 54vw, (max-width: 1071px) 543px, 580px\" \/><\/span><\/figure><\/div>\n","protected":false},"excerpt":{"rendered":"<p>Algebraic methods in combinatorics Boris Bukh, Carnegie Mellon University, US Recent work on the Erd\u0151s-Hajnal conjecture Tung Nguyen, Princeton University, US<\/p>\n","protected":false},"author":5,"featured_media":4733,"parent":0,"menu_order":0,"comment_status":"closed","ping_status":"closed","template":"","meta":{"_uag_custom_page_level_css":"","_price":"","_stock":"","_tribe_ticket_header":"","_tribe_default_ticket_provider":"","_tribe_ticket_capacity":"0","_ticket_start_date":"","_ticket_end_date":"","_tribe_ticket_show_description":"","_tribe_ticket_show_not_going":false,"_tribe_ticket_use_global_stock":"","_tribe_ticket_global_stock_level":"","_global_stock_mode":"","_global_stock_cap":"","_tribe_rsvp_for_event":"","_tribe_ticket_going_count":"","_tribe_ticket_not_going_count":"","_tribe_tickets_list":"[]","_tribe_ticket_has_attendee_info_fields":false,"footnotes":"","_tec_slr_enabled":"","_tec_slr_layout":""},"class_list":["post-4714","page","type-page","status-publish","has-post-thumbnail","hentry"],"featured_image_src":"https:\/\/www.ibs.re.kr\/ecopro\/wp-content\/uploads\/2024\/06\/summer.png","yoast_head":"<!-- This site is optimized with the Yoast SEO plugin v27.5 - https:\/\/yoast.com\/product\/yoast-seo-wordpress\/ -->\n<title>Summer 2024 - Extremal Combinatorics and Probability Group<\/title>\n<meta name=\"robots\" content=\"index, follow, max-snippet:-1, max-image-preview:large, max-video-preview:-1\" \/>\n<link rel=\"canonical\" href=\"https:\/\/www.ibs.re.kr\/ecopro\/summer-2024\/\" \/>\n<meta property=\"og:locale\" content=\"en_US\" \/>\n<meta property=\"og:type\" content=\"article\" \/>\n<meta property=\"og:title\" content=\"Summer 2024 - Extremal Combinatorics and Probability Group\" \/>\n<meta property=\"og:description\" content=\"Algebraic methods in combinatorics Boris Bukh, Carnegie Mellon University, US Recent work on the Erd\u0151s-Hajnal conjecture Tung Nguyen, Princeton University, US\" \/>\n<meta property=\"og:url\" content=\"https:\/\/www.ibs.re.kr\/ecopro\/summer-2024\/\" \/>\n<meta property=\"og:site_name\" content=\"Extremal Combinatorics and Probability Group\" \/>\n<meta property=\"article:modified_time\" content=\"2025-05-16T00:34:02+00:00\" \/>\n<meta property=\"og:image\" content=\"https:\/\/www.ibs.re.kr\/ecopro\/wp-content\/uploads\/2024\/06\/summer.png\" \/>\n\t<meta property=\"og:image:width\" content=\"1392\" \/>\n\t<meta property=\"og:image:height\" content=\"604\" \/>\n\t<meta property=\"og:image:type\" content=\"image\/png\" \/>\n<meta name=\"twitter:card\" content=\"summary_large_image\" \/>\n<meta name=\"twitter:label1\" content=\"Est. reading time\" \/>\n\t<meta name=\"twitter:data1\" content=\"2 minutes\" \/>\n<script type=\"application\/ld+json\" class=\"yoast-schema-graph\">{\"@context\":\"https:\\\/\\\/schema.org\",\"@graph\":[{\"@type\":\"WebPage\",\"@id\":\"https:\\\/\\\/www.ibs.re.kr\\\/ecopro\\\/summer-2024\\\/\",\"url\":\"https:\\\/\\\/www.ibs.re.kr\\\/ecopro\\\/summer-2024\\\/\",\"name\":\"Summer 2024 - Extremal Combinatorics and Probability Group\",\"isPartOf\":{\"@id\":\"https:\\\/\\\/www.ibs.re.kr\\\/ecopro\\\/#website\"},\"primaryImageOfPage\":{\"@id\":\"https:\\\/\\\/www.ibs.re.kr\\\/ecopro\\\/summer-2024\\\/#primaryimage\"},\"image\":{\"@id\":\"https:\\\/\\\/www.ibs.re.kr\\\/ecopro\\\/summer-2024\\\/#primaryimage\"},\"thumbnailUrl\":\"https:\\\/\\\/www.ibs.re.kr\\\/ecopro\\\/wp-content\\\/uploads\\\/2024\\\/06\\\/summer.png\",\"datePublished\":\"2024-06-06T13:05:27+00:00\",\"dateModified\":\"2025-05-16T00:34:02+00:00\",\"breadcrumb\":{\"@id\":\"https:\\\/\\\/www.ibs.re.kr\\\/ecopro\\\/summer-2024\\\/#breadcrumb\"},\"inLanguage\":\"en-US\",\"potentialAction\":[{\"@type\":\"ReadAction\",\"target\":[\"https:\\\/\\\/www.ibs.re.kr\\\/ecopro\\\/summer-2024\\\/\"]}]},{\"@type\":\"ImageObject\",\"inLanguage\":\"en-US\",\"@id\":\"https:\\\/\\\/www.ibs.re.kr\\\/ecopro\\\/summer-2024\\\/#primaryimage\",\"url\":\"https:\\\/\\\/www.ibs.re.kr\\\/ecopro\\\/wp-content\\\/uploads\\\/2024\\\/06\\\/summer.png\",\"contentUrl\":\"https:\\\/\\\/www.ibs.re.kr\\\/ecopro\\\/wp-content\\\/uploads\\\/2024\\\/06\\\/summer.png\",\"width\":1392,\"height\":604},{\"@type\":\"BreadcrumbList\",\"@id\":\"https:\\\/\\\/www.ibs.re.kr\\\/ecopro\\\/summer-2024\\\/#breadcrumb\",\"itemListElement\":[{\"@type\":\"ListItem\",\"position\":1,\"name\":\"Home\",\"item\":\"https:\\\/\\\/www.ibs.re.kr\\\/ecopro\\\/\"},{\"@type\":\"ListItem\",\"position\":2,\"name\":\"Summer 2024\"}]},{\"@type\":\"WebSite\",\"@id\":\"https:\\\/\\\/www.ibs.re.kr\\\/ecopro\\\/#website\",\"url\":\"https:\\\/\\\/www.ibs.re.kr\\\/ecopro\\\/\",\"name\":\"Extremal Combinatorics and Probability Group\",\"description\":\"\uae30\ucd08\uacfc\ud559\uc5f0\uad6c\uc6d0 \uadf9\ub2e8 \uc870\ud569 \ubc0f \ud655\ub960 \uadf8\ub8f9\",\"publisher\":{\"@id\":\"https:\\\/\\\/www.ibs.re.kr\\\/ecopro\\\/#organization\"},\"potentialAction\":[{\"@type\":\"SearchAction\",\"target\":{\"@type\":\"EntryPoint\",\"urlTemplate\":\"https:\\\/\\\/www.ibs.re.kr\\\/ecopro\\\/?s={search_term_string}\"},\"query-input\":{\"@type\":\"PropertyValueSpecification\",\"valueRequired\":true,\"valueName\":\"search_term_string\"}}],\"inLanguage\":\"en-US\"},{\"@type\":\"Organization\",\"@id\":\"https:\\\/\\\/www.ibs.re.kr\\\/ecopro\\\/#organization\",\"name\":\"IBS Extremal Combinatorics and Probability Group\",\"url\":\"https:\\\/\\\/www.ibs.re.kr\\\/ecopro\\\/\",\"logo\":{\"@type\":\"ImageObject\",\"inLanguage\":\"en-US\",\"@id\":\"https:\\\/\\\/www.ibs.re.kr\\\/ecopro\\\/#\\\/schema\\\/logo\\\/image\\\/\",\"url\":\"https:\\\/\\\/www.ibs.re.kr\\\/ecopro\\\/wp-content\\\/uploads\\\/2022\\\/01\\\/ibs-ecopro-logo.png\",\"contentUrl\":\"https:\\\/\\\/www.ibs.re.kr\\\/ecopro\\\/wp-content\\\/uploads\\\/2022\\\/01\\\/ibs-ecopro-logo.png\",\"width\":784,\"height\":197,\"caption\":\"IBS Extremal Combinatorics and Probability Group\"},\"image\":{\"@id\":\"https:\\\/\\\/www.ibs.re.kr\\\/ecopro\\\/#\\\/schema\\\/logo\\\/image\\\/\"}}]}<\/script>\n<!-- \/ Yoast SEO plugin. -->","yoast_head_json":{"title":"Summer 2024 - Extremal Combinatorics and Probability Group","robots":{"index":"index","follow":"follow","max-snippet":"max-snippet:-1","max-image-preview":"max-image-preview:large","max-video-preview":"max-video-preview:-1"},"canonical":"https:\/\/www.ibs.re.kr\/ecopro\/summer-2024\/","og_locale":"en_US","og_type":"article","og_title":"Summer 2024 - Extremal Combinatorics and Probability Group","og_description":"Algebraic methods in combinatorics Boris Bukh, Carnegie Mellon University, US Recent work on the Erd\u0151s-Hajnal conjecture Tung Nguyen, Princeton University, US","og_url":"https:\/\/www.ibs.re.kr\/ecopro\/summer-2024\/","og_site_name":"Extremal Combinatorics and Probability Group","article_modified_time":"2025-05-16T00:34:02+00:00","og_image":[{"width":1392,"height":604,"url":"https:\/\/www.ibs.re.kr\/ecopro\/wp-content\/uploads\/2024\/06\/summer.png","type":"image\/png"}],"twitter_card":"summary_large_image","twitter_misc":{"Est. reading time":"2 minutes"},"schema":{"@context":"https:\/\/schema.org","@graph":[{"@type":"WebPage","@id":"https:\/\/www.ibs.re.kr\/ecopro\/summer-2024\/","url":"https:\/\/www.ibs.re.kr\/ecopro\/summer-2024\/","name":"Summer 2024 - Extremal Combinatorics and Probability Group","isPartOf":{"@id":"https:\/\/www.ibs.re.kr\/ecopro\/#website"},"primaryImageOfPage":{"@id":"https:\/\/www.ibs.re.kr\/ecopro\/summer-2024\/#primaryimage"},"image":{"@id":"https:\/\/www.ibs.re.kr\/ecopro\/summer-2024\/#primaryimage"},"thumbnailUrl":"https:\/\/www.ibs.re.kr\/ecopro\/wp-content\/uploads\/2024\/06\/summer.png","datePublished":"2024-06-06T13:05:27+00:00","dateModified":"2025-05-16T00:34:02+00:00","breadcrumb":{"@id":"https:\/\/www.ibs.re.kr\/ecopro\/summer-2024\/#breadcrumb"},"inLanguage":"en-US","potentialAction":[{"@type":"ReadAction","target":["https:\/\/www.ibs.re.kr\/ecopro\/summer-2024\/"]}]},{"@type":"ImageObject","inLanguage":"en-US","@id":"https:\/\/www.ibs.re.kr\/ecopro\/summer-2024\/#primaryimage","url":"https:\/\/www.ibs.re.kr\/ecopro\/wp-content\/uploads\/2024\/06\/summer.png","contentUrl":"https:\/\/www.ibs.re.kr\/ecopro\/wp-content\/uploads\/2024\/06\/summer.png","width":1392,"height":604},{"@type":"BreadcrumbList","@id":"https:\/\/www.ibs.re.kr\/ecopro\/summer-2024\/#breadcrumb","itemListElement":[{"@type":"ListItem","position":1,"name":"Home","item":"https:\/\/www.ibs.re.kr\/ecopro\/"},{"@type":"ListItem","position":2,"name":"Summer 2024"}]},{"@type":"WebSite","@id":"https:\/\/www.ibs.re.kr\/ecopro\/#website","url":"https:\/\/www.ibs.re.kr\/ecopro\/","name":"Extremal Combinatorics and Probability Group","description":"\uae30\ucd08\uacfc\ud559\uc5f0\uad6c\uc6d0 \uadf9\ub2e8 \uc870\ud569 \ubc0f \ud655\ub960 \uadf8\ub8f9","publisher":{"@id":"https:\/\/www.ibs.re.kr\/ecopro\/#organization"},"potentialAction":[{"@type":"SearchAction","target":{"@type":"EntryPoint","urlTemplate":"https:\/\/www.ibs.re.kr\/ecopro\/?s={search_term_string}"},"query-input":{"@type":"PropertyValueSpecification","valueRequired":true,"valueName":"search_term_string"}}],"inLanguage":"en-US"},{"@type":"Organization","@id":"https:\/\/www.ibs.re.kr\/ecopro\/#organization","name":"IBS Extremal Combinatorics and Probability Group","url":"https:\/\/www.ibs.re.kr\/ecopro\/","logo":{"@type":"ImageObject","inLanguage":"en-US","@id":"https:\/\/www.ibs.re.kr\/ecopro\/#\/schema\/logo\/image\/","url":"https:\/\/www.ibs.re.kr\/ecopro\/wp-content\/uploads\/2022\/01\/ibs-ecopro-logo.png","contentUrl":"https:\/\/www.ibs.re.kr\/ecopro\/wp-content\/uploads\/2022\/01\/ibs-ecopro-logo.png","width":784,"height":197,"caption":"IBS Extremal Combinatorics and Probability Group"},"image":{"@id":"https:\/\/www.ibs.re.kr\/ecopro\/#\/schema\/logo\/image\/"}}]}},"uagb_featured_image_src":{"full":["https:\/\/www.ibs.re.kr\/ecopro\/wp-content\/uploads\/2024\/06\/summer.png",1392,604,false],"thumbnail":["https:\/\/www.ibs.re.kr\/ecopro\/wp-content\/uploads\/2024\/06\/summer-150x150.png",150,150,true],"medium":["https:\/\/www.ibs.re.kr\/ecopro\/wp-content\/uploads\/2024\/06\/summer-300x130.png",300,130,true],"medium_large":["https:\/\/www.ibs.re.kr\/ecopro\/wp-content\/uploads\/2024\/06\/summer-768x333.png",525,228,true],"large":["https:\/\/www.ibs.re.kr\/ecopro\/wp-content\/uploads\/2024\/06\/summer-1024x444.png",525,228,true],"1536x1536":["https:\/\/www.ibs.re.kr\/ecopro\/wp-content\/uploads\/2024\/06\/summer.png",1392,604,false],"2048x2048":["https:\/\/www.ibs.re.kr\/ecopro\/wp-content\/uploads\/2024\/06\/summer.png",1392,604,false],"dimag-thumbnail":["https:\/\/www.ibs.re.kr\/ecopro\/wp-content\/uploads\/2024\/06\/summer-600x260.png",600,260,true],"twentyseventeen-featured-image":["https:\/\/www.ibs.re.kr\/ecopro\/wp-content\/uploads\/2024\/06\/summer.png",1392,604,false],"twentyseventeen-thumbnail-avatar":["https:\/\/www.ibs.re.kr\/ecopro\/wp-content\/uploads\/2024\/06\/summer-100x100.png",100,100,true]},"uagb_author_info":{"display_name":"hongliu","author_link":"https:\/\/www.ibs.re.kr\/ecopro\/author\/hongliu\/"},"uagb_comment_info":0,"uagb_excerpt":"Algebraic methods in combinatorics Boris Bukh, Carnegie Mellon University, US Recent work on the Erd\u0151s-Hajnal conjecture Tung Nguyen, Princeton University, US","jetpack_sharing_enabled":true,"ticketed":false,"_links":{"self":[{"href":"https:\/\/www.ibs.re.kr\/ecopro\/wp-json\/wp\/v2\/pages\/4714","targetHints":{"allow":["GET"]}}],"collection":[{"href":"https:\/\/www.ibs.re.kr\/ecopro\/wp-json\/wp\/v2\/pages"}],"about":[{"href":"https:\/\/www.ibs.re.kr\/ecopro\/wp-json\/wp\/v2\/types\/page"}],"author":[{"embeddable":true,"href":"https:\/\/www.ibs.re.kr\/ecopro\/wp-json\/wp\/v2\/users\/5"}],"replies":[{"embeddable":true,"href":"https:\/\/www.ibs.re.kr\/ecopro\/wp-json\/wp\/v2\/comments?post=4714"}],"version-history":[{"count":14,"href":"https:\/\/www.ibs.re.kr\/ecopro\/wp-json\/wp\/v2\/pages\/4714\/revisions"}],"predecessor-version":[{"id":5324,"href":"https:\/\/www.ibs.re.kr\/ecopro\/wp-json\/wp\/v2\/pages\/4714\/revisions\/5324"}],"wp:featuredmedia":[{"embeddable":true,"href":"https:\/\/www.ibs.re.kr\/ecopro\/wp-json\/wp\/v2\/media\/4733"}],"wp:attachment":[{"href":"https:\/\/www.ibs.re.kr\/ecopro\/wp-json\/wp\/v2\/media?parent=4714"}],"curies":[{"name":"wp","href":"https:\/\/api.w.org\/{rel}","templated":true}]}}