{"id":415,"date":"2025-05-14T18:47:30","date_gmt":"2025-05-14T09:47:30","guid":{"rendered":"https:\/\/www.ibs.re.kr\/ecopro\/hongliu\/?page_id=415"},"modified":"2026-03-09T11:33:02","modified_gmt":"2026-03-09T02:33:02","slug":"coauthors","status":"publish","type":"page","link":"https:\/\/www.ibs.re.kr\/ecopro\/hongliu\/coauthors\/","title":{"rendered":"Coauthors"},"content":{"rendered":"\n<p>Jiangdong Ai, Maria Axenovich, J\u00f3zsef Balogh, Yacine Barhoumi-Andr\u00e9ani, Domagoj Brada\u010d, Neal Bushaw, Stijn Cambie, Debsoumya Chakraborti, Qiyuan Chen, Xinbu Cheng, Alexander Clifton, Maur\u00edcio Collares Neto, Shagnik Das, Michelle Delcourt, Laihao Ding, Zichao Dong, Asaf Ferber, Irene Gil Fern\u00e1ndez, Jun Gao, Ramon Garcia, Roman Glebov, Andr\u00e1s Gy\u00e1rf\u00e1s, John Haslegrave, Carlos Hoppen, Jie Hu, Xinqi Huang, Seonghyuk Im, Joseph Hyde, Oliver Janzer, Suyun Jiang, Dongyeap Kang, Jaehoon Kim, Jinha Kim, Minki Kim, Younjin Kim, Tereza Klimo\u0161ov\u00e1, Yoshiharu Kohayakawa, Daniel Kr\u00e1\u013e, Christoph Koch, Michael Krivelevich, Ander Lamaison, Hyunwoo Lee, Ruonan Li, Yongtao Li, Bernard Lidick\u00fd, Jiaqi Liao, Bingyu Luan, Haoran Luo, Sammy Luo, Let\u00edcia Mattos, Richard Montgomery, Robert Morris, Dhruv Mubayi, Kazuhiro Nomoto, Minghui Ouyang, P\u00e9ter P\u00e1l Pach, Rich\u00e1rd Palincza, Cory Palmer, Michael Pelsmajer, \u0160\u00e1rka Pet\u0159\u00ed\u010dkov\u00e1, Oleg Pikhurko, Peter Nelson, Mingyuan Rong, Maya Sankar, Nika Salia, Csaba S\u00e1ndor, Jaehyeon Seo, Bjarne Sch\u00fclke, Chong Shangguan, Maryam Sharifzadeh, Jozef Skokan, Katherine Staden, Shumin Sun, Yantao Tang, Andrew Treglown, Tuan Tran, Tomas Valla, M\u00e1t\u00e9 Vizer, Bin Wang, Guanghui Wang, Shuaichao Wang, Laurence Wilkies, Zhuo Wu, Zixiang Xu, Yisai Xue, Donglei Yang, Fan Yang, Haotian Yang, Guiying Yan, Zhifei Yan, Ningyuan Yang, Ke Ye, Shengtong Zhang, Yixiao Zhang, Michael Zheng, Qiang Zhou<\/p>\n\n\n\n<h1 class=\"wp-block-heading\">Frequent coauthors<\/h1>\n\n\n\n<h3 class=\"wp-block-heading\"><strong>SSS<\/strong> (15+)<\/h3>\n\n\n\n<ul start=\"1\" class=\"wp-block-list\">\n<li>(23): Jaehoon Kim<\/li>\n\n\n\n<li>(17): Maryam Sharifzadeh<\/li>\n<\/ul>\n\n\n\n<h3 class=\"wp-block-heading\"><strong>SS<\/strong> (10-14)<\/h3>\n\n\n\n<ul class=\"wp-block-list\">\n<li>(13): J\u00f3zsef Balogh<\/li>\n<\/ul>\n\n\n\n<h3 class=\"wp-block-heading\"><strong>S<\/strong> (7-9)<\/h3>\n\n\n\n<ul class=\"wp-block-list\">\n<li>(9): Jun Gao<\/li>\n\n\n\n<li>(7): Oleg Pikhurko<\/li>\n<\/ul>\n\n\n\n<h3 class=\"wp-block-heading\"><strong>A<\/strong>+ (4-6)<\/h3>\n\n\n\n<ul class=\"wp-block-list\">\n<li>(6): Katherine Staden, Tuan Tran, Zixiang Xu<\/li>\n\n\n\n<li>(5): Irene Gil Fern\u00e1ndez, Younjin Kim, Guanghui Wang<\/li>\n\n\n\n<li>(4): Stijn Cambie, Debsoumya Chakraborti, Seonghyuk Im, P\u00e9ter P\u00e1l Pach, Zhuo Wu, Shengtong Zhang<\/li>\n<\/ul>\n\n\n\n<h3 class=\"wp-block-heading\"><strong>A<\/strong> (2-3)<\/h3>\n\n\n\n<ul class=\"wp-block-list\">\n<li>(3): Laihao Ding, Zichao Dong, Suyun Jiang, John Haslegrave, Joseph Hyde, Yongtao Li, Richard Montgomery, Andrew Treglown, Donglei Yang, Haotian Yang<\/li>\n\n\n\n<li>(2): Shagnik Das, Roman Glebov, Xinqi Huang, Jinha Kim, Minki Kim, Hyunwoo Lee, Ruonan Li, Bernard Lidick\u00fd, Bingyu Luan, Minghui Ouyang, Cory Palmer, Chong Shangguan, Shuaichao Wang, Ningyuan Yang, Qiang Zhou<\/li>\n<\/ul>\n","protected":false},"excerpt":{"rendered":"<p>Jiangdong Ai, Maria Axenovich, J\u00f3zsef Balogh, Yacine Barhoumi-Andr\u00e9ani, Domagoj Brada\u010d, Neal Bushaw, Stijn Cambie, Debsoumya Chakraborti, Qiyuan Chen, Xinbu Cheng, Alexander Clifton, Maur\u00edcio Collares Neto, [&hellip;]<\/p>\n","protected":false},"author":5,"featured_media":0,"parent":0,"menu_order":0,"comment_status":"closed","ping_status":"closed","template":"","meta":{"footnotes":""},"class_list":["post-415","page","type-page","status-publish","hentry"],"featured_image_src":null,"_links":{"self":[{"href":"https:\/\/www.ibs.re.kr\/ecopro\/hongliu\/wp-json\/wp\/v2\/pages\/415","targetHints":{"allow":["GET"]}}],"collection":[{"href":"https:\/\/www.ibs.re.kr\/ecopro\/hongliu\/wp-json\/wp\/v2\/pages"}],"about":[{"href":"https:\/\/www.ibs.re.kr\/ecopro\/hongliu\/wp-json\/wp\/v2\/types\/page"}],"author":[{"embeddable":true,"href":"https:\/\/www.ibs.re.kr\/ecopro\/hongliu\/wp-json\/wp\/v2\/users\/5"}],"replies":[{"embeddable":true,"href":"https:\/\/www.ibs.re.kr\/ecopro\/hongliu\/wp-json\/wp\/v2\/comments?post=415"}],"version-history":[{"count":17,"href":"https:\/\/www.ibs.re.kr\/ecopro\/hongliu\/wp-json\/wp\/v2\/pages\/415\/revisions"}],"predecessor-version":[{"id":528,"href":"https:\/\/www.ibs.re.kr\/ecopro\/hongliu\/wp-json\/wp\/v2\/pages\/415\/revisions\/528"}],"wp:attachment":[{"href":"https:\/\/www.ibs.re.kr\/ecopro\/hongliu\/wp-json\/wp\/v2\/media?parent=415"}],"curies":[{"name":"wp","href":"https:\/\/api.w.org\/{rel}","templated":true}]}}